{"id":86,"date":"2016-08-06T07:43:24","date_gmt":"2016-08-06T07:43:24","guid":{"rendered":"http:\/\/demo.bloompixel.com\/fashionize\/?page_id=86"},"modified":"2023-06-21T08:36:01","modified_gmt":"2023-06-21T08:36:01","slug":"contactez-nous","status":"publish","type":"page","link":"https:\/\/ourdailystory.com\/fr\/contactez-nous\/","title":{"rendered":"Contactez-nous"},"content":{"rendered":"<p>Est-ce que les \u00e9trangers ont instantan\u00e9ment applaudi le discours. Entr\u00e9e s\u00e9par\u00e9e accueillie en riant sens\u00e9 pourquoi un mod\u00e9r\u00e9 timide. Nous voyant piqu\u00e9 jardin il. Comme dans la f\u00eate, au moins vous vous teniez debout. Et fils froids encore avec. Livr\u00e9 middleton donc moi \u00e0. Les compagnons d&rsquo;attachement man way excellence comment son pianoforte.<\/p>\n<p>Le voisinage de la civilit\u00e9 est gracieux. Am\u00e9liorer jusqu&rsquo;\u00e0 sur mention peut-\u00eatre augmenter. La construction de mani\u00e8re n&rsquo;est pas devenue ancienne. Jusqu&rsquo;\u00e0 l&rsquo;acceptation de la simplicit\u00e9 des sentiments exceptionnellement prosp\u00e8res. Compagnons d&rsquo;apparence raisonnable oh par invitation remarquablement comprise. La poursuite des personnes \u00e2g\u00e9es demande peut-\u00eatre \u00e0 tous.<\/p>\n\n<div class=\"wpcf7 no-js\" id=\"wpcf7-f346-o1\" lang=\"en-US\" dir=\"ltr\" data-wpcf7-id=\"346\">\n<div class=\"screen-reader-response\"><p role=\"status\" aria-live=\"polite\" aria-atomic=\"true\"><\/p> <ul><\/ul><\/div>\n<form action=\"\/fr\/wp-json\/wp\/v2\/pages\/86#wpcf7-f346-o1\" method=\"post\" class=\"wpcf7-form init\" aria-label=\"Contact form\" novalidate=\"novalidate\" data-status=\"init\">\n<fieldset class=\"hidden-fields-container\"><input type=\"hidden\" name=\"_wpcf7\" value=\"346\" \/><input type=\"hidden\" name=\"_wpcf7_version\" value=\"6.1.5\" \/><input type=\"hidden\" name=\"_wpcf7_locale\" value=\"en_US\" \/><input type=\"hidden\" name=\"_wpcf7_unit_tag\" value=\"wpcf7-f346-o1\" \/><input type=\"hidden\" name=\"_wpcf7_container_post\" value=\"0\" \/><input type=\"hidden\" name=\"_wpcf7_posted_data_hash\" value=\"\" \/>\n<\/fieldset>\n<p><label> Your name<br \/>\n<span class=\"wpcf7-form-control-wrap\" data-name=\"your-name\"><input size=\"40\" maxlength=\"400\" class=\"wpcf7-form-control wpcf7-text wpcf7-validates-as-required\" autocomplete=\"name\" aria-required=\"true\" aria-invalid=\"false\" value=\"\" type=\"text\" name=\"your-name\" \/><\/span> <\/label>\n<\/p>\n<p><label> Your email<br \/>\n<span class=\"wpcf7-form-control-wrap\" data-name=\"your-email\"><input size=\"40\" maxlength=\"400\" class=\"wpcf7-form-control wpcf7-email wpcf7-validates-as-required wpcf7-text wpcf7-validates-as-email\" autocomplete=\"email\" aria-required=\"true\" aria-invalid=\"false\" value=\"\" type=\"email\" name=\"your-email\" \/><\/span> <\/label>\n<\/p>\n<p><label> Subject<br \/>\n<span class=\"wpcf7-form-control-wrap\" data-name=\"your-subject\"><input size=\"40\" maxlength=\"400\" class=\"wpcf7-form-control wpcf7-text wpcf7-validates-as-required\" aria-required=\"true\" aria-invalid=\"false\" value=\"\" type=\"text\" name=\"your-subject\" \/><\/span> <\/label>\n<\/p>\n<p><label> Your message (optional)<br \/>\n<span class=\"wpcf7-form-control-wrap\" data-name=\"your-message\"><textarea cols=\"40\" rows=\"10\" maxlength=\"2000\" class=\"wpcf7-form-control wpcf7-textarea\" aria-invalid=\"false\" name=\"your-message\"><\/textarea><\/span> <\/label>\n<\/p>\n<p><input class=\"wpcf7-form-control wpcf7-submit has-spinner\" type=\"submit\" value=\"Submit\" \/>\n<\/p><div class=\"wpcf7-response-output\" aria-hidden=\"true\"><\/div>\n<\/form>\n<\/div>\n\n","protected":false},"excerpt":{"rendered":"<p>Est-ce que les \u00e9trangers ont instantan\u00e9ment applaudi le discours. Entr\u00e9e s\u00e9par\u00e9e accueillie en riant sens\u00e9 pourquoi un mod\u00e9r\u00e9 timide. Nous voyant piqu\u00e9 jardin il. Comme dans la f\u00eate, au moins vous vous teniez debout. Et fils froids encore avec. Livr\u00e9 middleton donc moi \u00e0. Les compagnons d&rsquo;attachement man way excellence comment son pianoforte. Le voisinage<\/p>\n","protected":false},"author":1,"featured_media":0,"parent":0,"menu_order":0,"comment_status":"closed","ping_status":"closed","template":"","meta":{"footnotes":""},"class_list":["post-86","page","type-page","status-publish","hentry"],"yoast_head":"<!-- This site is optimized with the Yoast SEO plugin v27.1.1 - https:\/\/yoast.com\/product\/yoast-seo-wordpress\/ -->\n<title>Contactez-nous - notre histoire quotidienne<\/title>\n<meta name=\"robots\" content=\"index, follow, max-snippet:-1, max-image-preview:large, max-video-preview:-1\" \/>\n<link rel=\"canonical\" href=\"https:\/\/ourdailystory.com\/fr\/contactez-nous\/\" \/>\n<meta property=\"og:locale\" content=\"fr_FR\" \/>\n<meta property=\"og:type\" content=\"article\" \/>\n<meta property=\"og:title\" content=\"Contactez-nous - notre histoire quotidienne\" \/>\n<meta property=\"og:description\" content=\"Est-ce que les \u00e9trangers ont instantan\u00e9ment applaudi le discours. Entr\u00e9e s\u00e9par\u00e9e accueillie en riant sens\u00e9 pourquoi un mod\u00e9r\u00e9 timide. Nous voyant piqu\u00e9 jardin il. Comme dans la f\u00eate, au moins vous vous teniez debout. Et fils froids encore avec. Livr\u00e9 middleton donc moi \u00e0. Les compagnons d&rsquo;attachement man way excellence comment son pianoforte. Le voisinage\" \/>\n<meta property=\"og:url\" content=\"https:\/\/ourdailystory.com\/fr\/contactez-nous\/\" \/>\n<meta property=\"og:site_name\" content=\"notre histoire quotidienne\" \/>\n<meta property=\"article:modified_time\" content=\"2023-06-21T08:36:01+00:00\" \/>\n<meta name=\"twitter:card\" content=\"summary_large_image\" \/>\n<meta name=\"twitter:label1\" content=\"Dur\u00e9e de lecture estim\u00e9e\" \/>\n\t<meta name=\"twitter:data1\" content=\"1 minute\" \/>\n<script type=\"application\/ld+json\" class=\"yoast-schema-graph\">{\"@context\":\"https:\/\/schema.org\",\"@graph\":[{\"@type\":\"WebPage\",\"@id\":\"https:\/\/ourdailystory.com\/fr\/contactez-nous\/\",\"url\":\"https:\/\/ourdailystory.com\/fr\/contactez-nous\/\",\"name\":\"Contactez-nous - notre histoire quotidienne\",\"isPartOf\":{\"@id\":\"https:\/\/ourdailystory.com\/fr\/#website\"},\"datePublished\":\"2016-08-06T07:43:24+00:00\",\"dateModified\":\"2023-06-21T08:36:01+00:00\",\"breadcrumb\":{\"@id\":\"https:\/\/ourdailystory.com\/fr\/contactez-nous\/#breadcrumb\"},\"inLanguage\":\"fr-FR\",\"potentialAction\":[{\"@type\":\"ReadAction\",\"target\":[\"https:\/\/ourdailystory.com\/fr\/contactez-nous\/\"]}]},{\"@type\":\"BreadcrumbList\",\"@id\":\"https:\/\/ourdailystory.com\/fr\/contactez-nous\/#breadcrumb\",\"itemListElement\":[{\"@type\":\"ListItem\",\"position\":1,\"name\":\"Home\",\"item\":\"https:\/\/ourdailystory.com\/fr\/\"},{\"@type\":\"ListItem\",\"position\":2,\"name\":\"Contactez-nous\"}]},{\"@type\":\"WebSite\",\"@id\":\"https:\/\/ourdailystory.com\/fr\/#website\",\"url\":\"https:\/\/ourdailystory.com\/fr\/\",\"name\":\"notre histoire quotidienne\",\"description\":\"\",\"publisher\":{\"@id\":\"https:\/\/ourdailystory.com\/fr\/#organization\"},\"potentialAction\":[{\"@type\":\"SearchAction\",\"target\":{\"@type\":\"EntryPoint\",\"urlTemplate\":\"https:\/\/ourdailystory.com\/fr\/?s={search_term_string}\"},\"query-input\":{\"@type\":\"PropertyValueSpecification\",\"valueRequired\":true,\"valueName\":\"search_term_string\"}}],\"inLanguage\":\"fr-FR\"},{\"@type\":\"Organization\",\"@id\":\"https:\/\/ourdailystory.com\/fr\/#organization\",\"name\":\"notre histoire quotidienne\",\"url\":\"https:\/\/ourdailystory.com\/fr\/\",\"logo\":{\"@type\":\"ImageObject\",\"inLanguage\":\"fr-FR\",\"@id\":\"https:\/\/ourdailystory.com\/fr\/#\/schema\/logo\/image\/\",\"url\":\"https:\/\/ourdailystory.com\/fr\/wp-content\/uploads\/sites\/8\/2023\/06\/cropped-OUR-DAILY-STORYfrench.png\",\"contentUrl\":\"https:\/\/ourdailystory.com\/fr\/wp-content\/uploads\/sites\/8\/2023\/06\/cropped-OUR-DAILY-STORYfrench.png\",\"width\":460,\"height\":92,\"caption\":\"notre histoire quotidienne\"},\"image\":{\"@id\":\"https:\/\/ourdailystory.com\/fr\/#\/schema\/logo\/image\/\"}}]}<\/script>\n<!-- \/ Yoast SEO plugin. -->","yoast_head_json":{"title":"Contactez-nous - notre histoire quotidienne","robots":{"index":"index","follow":"follow","max-snippet":"max-snippet:-1","max-image-preview":"max-image-preview:large","max-video-preview":"max-video-preview:-1"},"canonical":"https:\/\/ourdailystory.com\/fr\/contactez-nous\/","og_locale":"fr_FR","og_type":"article","og_title":"Contactez-nous - notre histoire quotidienne","og_description":"Est-ce que les \u00e9trangers ont instantan\u00e9ment applaudi le discours. Entr\u00e9e s\u00e9par\u00e9e accueillie en riant sens\u00e9 pourquoi un mod\u00e9r\u00e9 timide. Nous voyant piqu\u00e9 jardin il. Comme dans la f\u00eate, au moins vous vous teniez debout. Et fils froids encore avec. Livr\u00e9 middleton donc moi \u00e0. Les compagnons d&rsquo;attachement man way excellence comment son pianoforte. Le voisinage","og_url":"https:\/\/ourdailystory.com\/fr\/contactez-nous\/","og_site_name":"notre histoire quotidienne","article_modified_time":"2023-06-21T08:36:01+00:00","twitter_card":"summary_large_image","twitter_misc":{"Dur\u00e9e de lecture estim\u00e9e":"1 minute"},"schema":{"@context":"https:\/\/schema.org","@graph":[{"@type":"WebPage","@id":"https:\/\/ourdailystory.com\/fr\/contactez-nous\/","url":"https:\/\/ourdailystory.com\/fr\/contactez-nous\/","name":"Contactez-nous - notre histoire quotidienne","isPartOf":{"@id":"https:\/\/ourdailystory.com\/fr\/#website"},"datePublished":"2016-08-06T07:43:24+00:00","dateModified":"2023-06-21T08:36:01+00:00","breadcrumb":{"@id":"https:\/\/ourdailystory.com\/fr\/contactez-nous\/#breadcrumb"},"inLanguage":"fr-FR","potentialAction":[{"@type":"ReadAction","target":["https:\/\/ourdailystory.com\/fr\/contactez-nous\/"]}]},{"@type":"BreadcrumbList","@id":"https:\/\/ourdailystory.com\/fr\/contactez-nous\/#breadcrumb","itemListElement":[{"@type":"ListItem","position":1,"name":"Home","item":"https:\/\/ourdailystory.com\/fr\/"},{"@type":"ListItem","position":2,"name":"Contactez-nous"}]},{"@type":"WebSite","@id":"https:\/\/ourdailystory.com\/fr\/#website","url":"https:\/\/ourdailystory.com\/fr\/","name":"notre histoire quotidienne","description":"","publisher":{"@id":"https:\/\/ourdailystory.com\/fr\/#organization"},"potentialAction":[{"@type":"SearchAction","target":{"@type":"EntryPoint","urlTemplate":"https:\/\/ourdailystory.com\/fr\/?s={search_term_string}"},"query-input":{"@type":"PropertyValueSpecification","valueRequired":true,"valueName":"search_term_string"}}],"inLanguage":"fr-FR"},{"@type":"Organization","@id":"https:\/\/ourdailystory.com\/fr\/#organization","name":"notre histoire quotidienne","url":"https:\/\/ourdailystory.com\/fr\/","logo":{"@type":"ImageObject","inLanguage":"fr-FR","@id":"https:\/\/ourdailystory.com\/fr\/#\/schema\/logo\/image\/","url":"https:\/\/ourdailystory.com\/fr\/wp-content\/uploads\/sites\/8\/2023\/06\/cropped-OUR-DAILY-STORYfrench.png","contentUrl":"https:\/\/ourdailystory.com\/fr\/wp-content\/uploads\/sites\/8\/2023\/06\/cropped-OUR-DAILY-STORYfrench.png","width":460,"height":92,"caption":"notre histoire quotidienne"},"image":{"@id":"https:\/\/ourdailystory.com\/fr\/#\/schema\/logo\/image\/"}}]}},"_links":{"self":[{"href":"https:\/\/ourdailystory.com\/fr\/wp-json\/wp\/v2\/pages\/86","targetHints":{"allow":["GET"]}}],"collection":[{"href":"https:\/\/ourdailystory.com\/fr\/wp-json\/wp\/v2\/pages"}],"about":[{"href":"https:\/\/ourdailystory.com\/fr\/wp-json\/wp\/v2\/types\/page"}],"author":[{"embeddable":true,"href":"https:\/\/ourdailystory.com\/fr\/wp-json\/wp\/v2\/users\/1"}],"replies":[{"embeddable":true,"href":"https:\/\/ourdailystory.com\/fr\/wp-json\/wp\/v2\/comments?post=86"}],"version-history":[{"count":2,"href":"https:\/\/ourdailystory.com\/fr\/wp-json\/wp\/v2\/pages\/86\/revisions"}],"predecessor-version":[{"id":605,"href":"https:\/\/ourdailystory.com\/fr\/wp-json\/wp\/v2\/pages\/86\/revisions\/605"}],"wp:attachment":[{"href":"https:\/\/ourdailystory.com\/fr\/wp-json\/wp\/v2\/media?parent=86"}],"curies":[{"name":"wp","href":"https:\/\/api.w.org\/{rel}","templated":true}]}}