{"id":84,"date":"2016-08-06T07:41:38","date_gmt":"2016-08-06T07:41:38","guid":{"rendered":"http:\/\/demo.bloompixel.com\/fashionize\/?page_id=84"},"modified":"2023-06-21T08:34:39","modified_gmt":"2023-06-21T08:34:39","slug":"a-propos-de-nous","status":"publish","type":"page","link":"https:\/\/ourdailystory.com\/fr\/a-propos-de-nous\/","title":{"rendered":"\u00c0 propos de nous"},"content":{"rendered":"<p><img loading=\"lazy\" decoding=\"async\" class=\"aligncenter size-large wp-image-26\" src=\"http:\/\/demo.bloompixel.com\/byblog-fashion\/wp-content\/uploads\/sites\/32\/2016\/07\/8-1024x732.jpg\" alt=\"8\" width=\"1024\" height=\"732\" \/><\/p>\n<p>Ce site Web aide les gens du monde entier \u00e0 d\u00e9velopper un style qu&rsquo;ils adorent. En plus de vous apprendre \u00e0 cr\u00e9er une garde-robe pratique, \u00e0 mieux utiliser vos articles et \u00e0 vous sentir plus confiant dans votre style ! Les personnes qui pensent que vous avez le droit d&rsquo;avoir l&rsquo;air et de vous sentir attirante, quels que soient votre poids, votre forme ou votre taille. .<br \/>\nNous annon\u00e7ons des marques telles que Wilson Sporting, New Look, New York &amp; Company, Reiss, Lookfantastic, Childrensplace, ManoMano, Zenni Optical, Matalan, princess Polly, shien, Joules, redbubble, Loft outfit et stitch fix.<\/p>\n<p>Notre objectif est de promouvoir l&rsquo;assurance de soi via la mode. Nous pensons que la confiance est la pierre angulaire d&rsquo;une tenue merveilleuse, et rien n&rsquo;est plus attirant qu&rsquo;une personne qui y croit.<\/p>\n<p>Nous couvrons un large \u00e9ventail de sujets, y compris les tendances, les suggestions de style, les conseils de beaut\u00e9, la sant\u00e9, etc., en r\u00e9pondant \u00e0 vos demandes les plus urgentes et en r\u00e9solvant vos probl\u00e8mes de style et de beaut\u00e9. Notamment, comme l&rsquo;estime de soi, l&rsquo;image corporelle, la parentalit\u00e9, o\u00f9 trouver la teinte id\u00e9ale de rouge \u00e0 l\u00e8vres, les jeans qui ne b\u00e2illent pas \u00e0 la taille et les v\u00eatements de forme qui fonctionnent sans restreindre notre circulation. Par cons\u00e9quent, veuillez regarder autour de vous, poser des questions et partager vos r\u00e9flexions\u00a0; nous sommes si heureux que vous soyez ici!<\/p>\n","protected":false},"excerpt":{"rendered":"<p>Ce site Web aide les gens du monde entier \u00e0 d\u00e9velopper un style qu&rsquo;ils adorent. En plus de vous apprendre \u00e0 cr\u00e9er une garde-robe pratique, \u00e0 mieux utiliser vos articles et \u00e0 vous sentir plus confiant dans votre style ! Les personnes qui pensent que vous avez le droit d&rsquo;avoir l&rsquo;air et de vous sentir<\/p>\n","protected":false},"author":1,"featured_media":0,"parent":0,"menu_order":0,"comment_status":"closed","ping_status":"closed","template":"","meta":{"footnotes":""},"class_list":["post-84","page","type-page","status-publish","hentry"],"yoast_head":"<!-- This site is optimized with the Yoast SEO plugin v27.1.1 - https:\/\/yoast.com\/product\/yoast-seo-wordpress\/ -->\n<title>\u00c0 propos de nous - notre histoire quotidienne<\/title>\n<meta name=\"robots\" content=\"index, follow, max-snippet:-1, max-image-preview:large, max-video-preview:-1\" \/>\n<link rel=\"canonical\" href=\"https:\/\/ourdailystory.com\/fr\/a-propos-de-nous\/\" \/>\n<meta property=\"og:locale\" content=\"fr_FR\" \/>\n<meta property=\"og:type\" content=\"article\" \/>\n<meta property=\"og:title\" content=\"\u00c0 propos de nous - notre histoire quotidienne\" \/>\n<meta property=\"og:description\" content=\"Ce site Web aide les gens du monde entier \u00e0 d\u00e9velopper un style qu&rsquo;ils adorent. En plus de vous apprendre \u00e0 cr\u00e9er une garde-robe pratique, \u00e0 mieux utiliser vos articles et \u00e0 vous sentir plus confiant dans votre style ! Les personnes qui pensent que vous avez le droit d&rsquo;avoir l&rsquo;air et de vous sentir\" \/>\n<meta property=\"og:url\" content=\"https:\/\/ourdailystory.com\/fr\/a-propos-de-nous\/\" \/>\n<meta property=\"og:site_name\" content=\"notre histoire quotidienne\" \/>\n<meta property=\"article:modified_time\" content=\"2023-06-21T08:34:39+00:00\" \/>\n<meta property=\"og:image\" content=\"http:\/\/demo.bloompixel.com\/byblog-fashion\/wp-content\/uploads\/sites\/32\/2016\/07\/8-1024x732.jpg\" \/>\n<meta name=\"twitter:card\" content=\"summary_large_image\" \/>\n<meta name=\"twitter:label1\" content=\"Dur\u00e9e de lecture estim\u00e9e\" \/>\n\t<meta name=\"twitter:data1\" content=\"2 minutes\" \/>\n<script type=\"application\/ld+json\" class=\"yoast-schema-graph\">{\"@context\":\"https:\/\/schema.org\",\"@graph\":[{\"@type\":\"WebPage\",\"@id\":\"https:\/\/ourdailystory.com\/fr\/a-propos-de-nous\/\",\"url\":\"https:\/\/ourdailystory.com\/fr\/a-propos-de-nous\/\",\"name\":\"\u00c0 propos de nous - notre histoire quotidienne\",\"isPartOf\":{\"@id\":\"https:\/\/ourdailystory.com\/fr\/#website\"},\"primaryImageOfPage\":{\"@id\":\"https:\/\/ourdailystory.com\/fr\/a-propos-de-nous\/#primaryimage\"},\"image\":{\"@id\":\"https:\/\/ourdailystory.com\/fr\/a-propos-de-nous\/#primaryimage\"},\"thumbnailUrl\":\"http:\/\/demo.bloompixel.com\/byblog-fashion\/wp-content\/uploads\/sites\/32\/2016\/07\/8-1024x732.jpg\",\"datePublished\":\"2016-08-06T07:41:38+00:00\",\"dateModified\":\"2023-06-21T08:34:39+00:00\",\"breadcrumb\":{\"@id\":\"https:\/\/ourdailystory.com\/fr\/a-propos-de-nous\/#breadcrumb\"},\"inLanguage\":\"fr-FR\",\"potentialAction\":[{\"@type\":\"ReadAction\",\"target\":[\"https:\/\/ourdailystory.com\/fr\/a-propos-de-nous\/\"]}]},{\"@type\":\"ImageObject\",\"inLanguage\":\"fr-FR\",\"@id\":\"https:\/\/ourdailystory.com\/fr\/a-propos-de-nous\/#primaryimage\",\"url\":\"http:\/\/demo.bloompixel.com\/byblog-fashion\/wp-content\/uploads\/sites\/32\/2016\/07\/8-1024x732.jpg\",\"contentUrl\":\"http:\/\/demo.bloompixel.com\/byblog-fashion\/wp-content\/uploads\/sites\/32\/2016\/07\/8-1024x732.jpg\"},{\"@type\":\"BreadcrumbList\",\"@id\":\"https:\/\/ourdailystory.com\/fr\/a-propos-de-nous\/#breadcrumb\",\"itemListElement\":[{\"@type\":\"ListItem\",\"position\":1,\"name\":\"Home\",\"item\":\"https:\/\/ourdailystory.com\/fr\/\"},{\"@type\":\"ListItem\",\"position\":2,\"name\":\"\u00c0 propos de nous\"}]},{\"@type\":\"WebSite\",\"@id\":\"https:\/\/ourdailystory.com\/fr\/#website\",\"url\":\"https:\/\/ourdailystory.com\/fr\/\",\"name\":\"notre histoire quotidienne\",\"description\":\"\",\"publisher\":{\"@id\":\"https:\/\/ourdailystory.com\/fr\/#organization\"},\"potentialAction\":[{\"@type\":\"SearchAction\",\"target\":{\"@type\":\"EntryPoint\",\"urlTemplate\":\"https:\/\/ourdailystory.com\/fr\/?s={search_term_string}\"},\"query-input\":{\"@type\":\"PropertyValueSpecification\",\"valueRequired\":true,\"valueName\":\"search_term_string\"}}],\"inLanguage\":\"fr-FR\"},{\"@type\":\"Organization\",\"@id\":\"https:\/\/ourdailystory.com\/fr\/#organization\",\"name\":\"notre histoire quotidienne\",\"url\":\"https:\/\/ourdailystory.com\/fr\/\",\"logo\":{\"@type\":\"ImageObject\",\"inLanguage\":\"fr-FR\",\"@id\":\"https:\/\/ourdailystory.com\/fr\/#\/schema\/logo\/image\/\",\"url\":\"https:\/\/ourdailystory.com\/fr\/wp-content\/uploads\/sites\/8\/2023\/06\/cropped-OUR-DAILY-STORYfrench.png\",\"contentUrl\":\"https:\/\/ourdailystory.com\/fr\/wp-content\/uploads\/sites\/8\/2023\/06\/cropped-OUR-DAILY-STORYfrench.png\",\"width\":460,\"height\":92,\"caption\":\"notre histoire quotidienne\"},\"image\":{\"@id\":\"https:\/\/ourdailystory.com\/fr\/#\/schema\/logo\/image\/\"}}]}<\/script>\n<!-- \/ Yoast SEO plugin. -->","yoast_head_json":{"title":"\u00c0 propos de nous - notre histoire quotidienne","robots":{"index":"index","follow":"follow","max-snippet":"max-snippet:-1","max-image-preview":"max-image-preview:large","max-video-preview":"max-video-preview:-1"},"canonical":"https:\/\/ourdailystory.com\/fr\/a-propos-de-nous\/","og_locale":"fr_FR","og_type":"article","og_title":"\u00c0 propos de nous - notre histoire quotidienne","og_description":"Ce site Web aide les gens du monde entier \u00e0 d\u00e9velopper un style qu&rsquo;ils adorent. En plus de vous apprendre \u00e0 cr\u00e9er une garde-robe pratique, \u00e0 mieux utiliser vos articles et \u00e0 vous sentir plus confiant dans votre style ! Les personnes qui pensent que vous avez le droit d&rsquo;avoir l&rsquo;air et de vous sentir","og_url":"https:\/\/ourdailystory.com\/fr\/a-propos-de-nous\/","og_site_name":"notre histoire quotidienne","article_modified_time":"2023-06-21T08:34:39+00:00","og_image":[{"url":"http:\/\/demo.bloompixel.com\/byblog-fashion\/wp-content\/uploads\/sites\/32\/2016\/07\/8-1024x732.jpg","type":"","width":"","height":""}],"twitter_card":"summary_large_image","twitter_misc":{"Dur\u00e9e de lecture estim\u00e9e":"2 minutes"},"schema":{"@context":"https:\/\/schema.org","@graph":[{"@type":"WebPage","@id":"https:\/\/ourdailystory.com\/fr\/a-propos-de-nous\/","url":"https:\/\/ourdailystory.com\/fr\/a-propos-de-nous\/","name":"\u00c0 propos de nous - notre histoire quotidienne","isPartOf":{"@id":"https:\/\/ourdailystory.com\/fr\/#website"},"primaryImageOfPage":{"@id":"https:\/\/ourdailystory.com\/fr\/a-propos-de-nous\/#primaryimage"},"image":{"@id":"https:\/\/ourdailystory.com\/fr\/a-propos-de-nous\/#primaryimage"},"thumbnailUrl":"http:\/\/demo.bloompixel.com\/byblog-fashion\/wp-content\/uploads\/sites\/32\/2016\/07\/8-1024x732.jpg","datePublished":"2016-08-06T07:41:38+00:00","dateModified":"2023-06-21T08:34:39+00:00","breadcrumb":{"@id":"https:\/\/ourdailystory.com\/fr\/a-propos-de-nous\/#breadcrumb"},"inLanguage":"fr-FR","potentialAction":[{"@type":"ReadAction","target":["https:\/\/ourdailystory.com\/fr\/a-propos-de-nous\/"]}]},{"@type":"ImageObject","inLanguage":"fr-FR","@id":"https:\/\/ourdailystory.com\/fr\/a-propos-de-nous\/#primaryimage","url":"http:\/\/demo.bloompixel.com\/byblog-fashion\/wp-content\/uploads\/sites\/32\/2016\/07\/8-1024x732.jpg","contentUrl":"http:\/\/demo.bloompixel.com\/byblog-fashion\/wp-content\/uploads\/sites\/32\/2016\/07\/8-1024x732.jpg"},{"@type":"BreadcrumbList","@id":"https:\/\/ourdailystory.com\/fr\/a-propos-de-nous\/#breadcrumb","itemListElement":[{"@type":"ListItem","position":1,"name":"Home","item":"https:\/\/ourdailystory.com\/fr\/"},{"@type":"ListItem","position":2,"name":"\u00c0 propos de nous"}]},{"@type":"WebSite","@id":"https:\/\/ourdailystory.com\/fr\/#website","url":"https:\/\/ourdailystory.com\/fr\/","name":"notre histoire quotidienne","description":"","publisher":{"@id":"https:\/\/ourdailystory.com\/fr\/#organization"},"potentialAction":[{"@type":"SearchAction","target":{"@type":"EntryPoint","urlTemplate":"https:\/\/ourdailystory.com\/fr\/?s={search_term_string}"},"query-input":{"@type":"PropertyValueSpecification","valueRequired":true,"valueName":"search_term_string"}}],"inLanguage":"fr-FR"},{"@type":"Organization","@id":"https:\/\/ourdailystory.com\/fr\/#organization","name":"notre histoire quotidienne","url":"https:\/\/ourdailystory.com\/fr\/","logo":{"@type":"ImageObject","inLanguage":"fr-FR","@id":"https:\/\/ourdailystory.com\/fr\/#\/schema\/logo\/image\/","url":"https:\/\/ourdailystory.com\/fr\/wp-content\/uploads\/sites\/8\/2023\/06\/cropped-OUR-DAILY-STORYfrench.png","contentUrl":"https:\/\/ourdailystory.com\/fr\/wp-content\/uploads\/sites\/8\/2023\/06\/cropped-OUR-DAILY-STORYfrench.png","width":460,"height":92,"caption":"notre histoire quotidienne"},"image":{"@id":"https:\/\/ourdailystory.com\/fr\/#\/schema\/logo\/image\/"}}]}},"_links":{"self":[{"href":"https:\/\/ourdailystory.com\/fr\/wp-json\/wp\/v2\/pages\/84","targetHints":{"allow":["GET"]}}],"collection":[{"href":"https:\/\/ourdailystory.com\/fr\/wp-json\/wp\/v2\/pages"}],"about":[{"href":"https:\/\/ourdailystory.com\/fr\/wp-json\/wp\/v2\/types\/page"}],"author":[{"embeddable":true,"href":"https:\/\/ourdailystory.com\/fr\/wp-json\/wp\/v2\/users\/1"}],"replies":[{"embeddable":true,"href":"https:\/\/ourdailystory.com\/fr\/wp-json\/wp\/v2\/comments?post=84"}],"version-history":[{"count":2,"href":"https:\/\/ourdailystory.com\/fr\/wp-json\/wp\/v2\/pages\/84\/revisions"}],"predecessor-version":[{"id":603,"href":"https:\/\/ourdailystory.com\/fr\/wp-json\/wp\/v2\/pages\/84\/revisions\/603"}],"wp:attachment":[{"href":"https:\/\/ourdailystory.com\/fr\/wp-json\/wp\/v2\/media?parent=84"}],"curies":[{"name":"wp","href":"https:\/\/api.w.org\/{rel}","templated":true}]}}